{"id":158,"date":"2021-02-06T04:49:06","date_gmt":"2021-02-06T06:49:06","guid":{"rendered":"http:\/\/plansa.lt\/?page_id=158"},"modified":"2021-02-06T05:11:27","modified_gmt":"2021-02-06T07:11:27","slug":"cookie-policy-eu","status":"publish","type":"page","link":"https:\/\/plansa.lt\/?page_id=158","title":{"rendered":"Slapuk\u0173 politika  (EU)"},"content":{"rendered":"\n<!-- Legal document generated by Complianz | GDPR\/CCPA Cookie Consent https:\/\/wordpress.org\/plugins\/complianz-gdpr -->\n<div id=\"cmplz-document\" class=\"cmplz-document cookie-statement cmplz-document-eu\"><p><i>\u0160i slapuk\u0173 politika paskutin\u012f kart\u0105 buvo atnaujinta 2021 vasario 6 ir taikoma Europos ekonomin\u0117s erdv\u0117s bei \u0160veicarijos pilie\u010diams ir teis\u0117tiems nuolatiniams gyventojams.<\/i><br><\/p><h2>1. \u012evadas<\/h2><p>M\u016bs\u0173 svetain\u0117 <a href=\"https:\/\/plansa.lt\">https:\/\/plansa.lt<\/a> (toliau: \"svetain\u0117\") naudoja slapukus ir kitas susijusias technologijas (patogumui visos technologijos vadinamos \"slapukais\"). Slapukus taip pat talpina tre\u010diosios \u0161alys, su kuriomis mes \u012ftrauk\u0117me. \u017demiau esan\u010diame dokumente informuojame apie slapuk\u0173 naudojim\u0105 m\u016bs\u0173 svetain\u0117je.<\/p><h2>2. Kas yra slapukai?<\/h2><p>Slapukas yra ma\u017eas paprastas failas, kuris siun\u010diamas kartu su \u0161ios svetain\u0117s puslapiais ir i\u0161saugomas j\u016bs\u0173 nar\u0161ykl\u0117s j\u016bs\u0173 kompiuterio ar kito \u012frenginio stand\u017eiajame diske. Jame saugoma informacija gali b\u016bti gr\u0105\u017einta \u012f m\u016bs\u0173 arba atitinkam\u0173 tre\u010di\u0173j\u0173 \u0161ali\u0173 serverius v\u0117lesnio apsilankymo metu.<\/p><h2>3. Kas yra skriptai?<\/h2><p>Scenarijus yra programos kodo dalis, kuri naudojama tam, kad m\u016bs\u0173 svetain\u0117 veikt\u0173 tinkamai ir interaktyviai. \u0160is kodas vykdomas m\u016bs\u0173 serveryje arba j\u016bs\u0173 \u012frenginyje.<\/p><h2>4. Kas yra \u017einiatinklio \u0161vyturys?<\/h2><p>\u017diniatinklio \u0161vyturys (arba pikseli\u0173 \u017eyma) yra ma\u017ea, nematoma teksto arba vaizdo dalis svetain\u0117je, naudojama srautui svetain\u0117je steb\u0117ti. Tam naudojant \u017einiatinklio \u0161vyturius saugomi \u012fvair\u016bs duomenys apie jus.<\/p><h2>5. Slapukai<\/h2><p class=\"cmplz-subtitle\">5.1 Techniniai arba funkciniai slapukai<\/p><p>Kai kurie slapukai u\u017etikrina, kad tam tikros svetain\u0117s dalys veikt\u0173 tinkamai ir kad j\u016bs\u0173 naudotojo nuostatos likt\u0173 \u017einomos. \u012ed\u0117dami funkcinius slapukus palengviname apsilankym\u0105 m\u016bs\u0173 svetain\u0117je. Tokiu b\u016bdu Jums nereik\u0117s pakartotinai \u012fvesti tos pa\u010dios informacijos lankantis m\u016bs\u0173 svetain\u0117je ir, pavyzd\u017eiui, prek\u0117s lieka J\u016bs\u0173 pirkini\u0173 krep\u0161elyje tol, kol nesumok\u0117site. \u0160iuos slapukus galime patalpinti be j\u016bs\u0173 sutikimo.<\/p><p class=\"cmplz-subtitle\">5.2 Rinkodaros \/ steb\u0117jimo slapukai<\/p><p>Rinkodaros\/steb\u0117jimo slapukai yra slapukai arba bet kuri kita vietin\u0117s saugyklos forma, naudojama kuriant vartotoj\u0173 profilius, kad b\u016bt\u0173 rodoma reklama arba sekti vartotoj\u0105 \u0161ioje svetain\u0117je arba keliose svetain\u0117se pana\u0161iais rinkodaros tikslais.<\/p><h2>6. \u012ed\u0117ti slapukai<\/h2><div id=\"cmplz-cookies-overview\"><details class=\"cmplz-dropdown cmplz-service-desc cmplz-dropdown-cookiepolicy \">\n\t<summary class=\"cmplz-service-header\"><div>\n\t\t<h3>\u012evair\u016bs<\/h3>\n\t\t<p>Tikslas laukia tyrimo<\/p>\n\t\t<label for=\"cmplz_service_\u012evair\u016bs\" class=\"cmplz_consent_per_service_label\"><span class=\"screen-reader-text\">Consent to service \u012evair\u016bs<\/span><\/label>\n\t\t<input type=\"checkbox\" id=\"cmplz_service_\u012evair\u016bs\" class=\"cmplz-accept-service cmplz-hidden\" data-service=\"\u012evair\u016bs\" data-category=\"functional\"><\/div>\n\t<\/summary>\n\t<div class=\"cmplz-service-description\">\n\t\t<h4>Naudojimas<\/h4>\n\t\t<p><\/p>\n\t<\/div>\n\t<div class=\"cmplz-sharing-data\">\n\t\t<h4>Dalijimasis duomenimis<\/h4>\n\t\t<p>Dalijimasis duomenimis laukia tyrimo<\/p>\n\t<\/div>\n\t<div class=\"cookies-per-purpose\">\n    <div class=\"purpose\"><h4>Tikslas laukia tyrimo<\/h4><\/div>\n    <div class=\"name-header\">\n\t<h5>Vardas<\/h5>\n<\/div>\n<div class=\"name\">WP_DATA_USER_1<\/div>\n<div class=\"retention-header\">\n\t<h5>Galiojimo laikas<\/h5>\n<\/div>\n<div class=\"retention\"><\/div>\n<div class=\"function-header\">\n\t<h5>Funkcija<\/h5>\n<\/div>\n<div class=\"function\"><\/div>\n<div class=\"name-header\">\n\t<h5>Vardas<\/h5>\n<\/div>\n<div class=\"name\">elementor<\/div>\n<div class=\"retention-header\">\n\t<h5>Galiojimo laikas<\/h5>\n<\/div>\n<div class=\"retention\"><\/div>\n<div class=\"function-header\">\n\t<h5>Funkcija<\/h5>\n<\/div>\n<div class=\"function\"><\/div>\n<div class=\"name-header\">\n\t<h5>Vardas<\/h5>\n<\/div>\n<div class=\"name\">e_globals<\/div>\n<div class=\"retention-header\">\n\t<h5>Galiojimo laikas<\/h5>\n<\/div>\n<div class=\"retention\"><\/div>\n<div class=\"function-header\">\n\t<h5>Funkcija<\/h5>\n<\/div>\n<div class=\"function\"><\/div>\n<div class=\"name-header\">\n\t<h5>Vardas<\/h5>\n<\/div>\n<div class=\"name\">wp-autosave-1<\/div>\n<div class=\"retention-header\">\n\t<h5>Galiojimo laikas<\/h5>\n<\/div>\n<div class=\"retention\"><\/div>\n<div class=\"function-header\">\n\t<h5>Funkcija<\/h5>\n<\/div>\n<div class=\"function\"><\/div>\n<div class=\"name-header\">\n\t<h5>Vardas<\/h5>\n<\/div>\n<div class=\"name\">rs6_library_pagination<\/div>\n<div class=\"retention-header\">\n\t<h5>Galiojimo laikas<\/h5>\n<\/div>\n<div class=\"retention\"><\/div>\n<div class=\"function-header\">\n\t<h5>Funkcija<\/h5>\n<\/div>\n<div class=\"function\"><\/div>\n<div class=\"name-header\">\n\t<h5>Vardas<\/h5>\n<\/div>\n<div class=\"name\">wordpress_test_cookie<\/div>\n<div class=\"retention-header\">\n\t<h5>Galiojimo laikas<\/h5>\n<\/div>\n<div class=\"retention\"><\/div>\n<div class=\"function-header\">\n\t<h5>Funkcija<\/h5>\n<\/div>\n<div class=\"function\"><\/div>\n<div class=\"name-header\">\n\t<h5>Vardas<\/h5>\n<\/div>\n<div class=\"name\">wp-settings-1<\/div>\n<div class=\"retention-header\">\n\t<h5>Galiojimo laikas<\/h5>\n<\/div>\n<div class=\"retention\"><\/div>\n<div class=\"function-header\">\n\t<h5>Funkcija<\/h5>\n<\/div>\n<div class=\"function\"><\/div>\n<div class=\"name-header\">\n\t<h5>Vardas<\/h5>\n<\/div>\n<div class=\"name\">wp-settings-time-1<\/div>\n<div class=\"retention-header\">\n\t<h5>Galiojimo laikas<\/h5>\n<\/div>\n<div class=\"retention\"><\/div>\n<div class=\"function-header\">\n\t<h5>Funkcija<\/h5>\n<\/div>\n<div class=\"function\"><\/div>\n<div class=\"name-header\">\n\t<h5>Vardas<\/h5>\n<\/div>\n<div class=\"name\">wordpress_sec_fd69769682aa38b4fa98a523e6933b74<\/div>\n<div class=\"retention-header\">\n\t<h5>Galiojimo laikas<\/h5>\n<\/div>\n<div class=\"retention\"><\/div>\n<div class=\"function-header\">\n\t<h5>Funkcija<\/h5>\n<\/div>\n<div class=\"function\"><\/div>\n<div class=\"name-header\">\n\t<h5>Vardas<\/h5>\n<\/div>\n<div class=\"name\">wordpress_logged_in_fd69769682aa38b4fa98a523e6933b74<\/div>\n<div class=\"retention-header\">\n\t<h5>Galiojimo laikas<\/h5>\n<\/div>\n<div class=\"retention\"><\/div>\n<div class=\"function-header\">\n\t<h5>Funkcija<\/h5>\n<\/div>\n<div class=\"function\"><\/div>\n<div class=\"name-header\">\n\t<h5>Vardas<\/h5>\n<\/div>\n<div class=\"name\">_grecaptcha<\/div>\n<div class=\"retention-header\">\n\t<h5>Galiojimo laikas<\/h5>\n<\/div>\n<div class=\"retention\"><\/div>\n<div class=\"function-header\">\n\t<h5>Funkcija<\/h5>\n<\/div>\n<div class=\"function\"><\/div>\n<div class=\"name-header\">\n\t<h5>Vardas<\/h5>\n<\/div>\n<div class=\"name\">complianz_policy_id<\/div>\n<div class=\"retention-header\">\n\t<h5>Galiojimo laikas<\/h5>\n<\/div>\n<div class=\"retention\">365 diena<\/div>\n<div class=\"function-header\">\n\t<h5>Funkcija<\/h5>\n<\/div>\n<div class=\"function\"><\/div>\n<div class=\"name-header\">\n\t<h5>Vardas<\/h5>\n<\/div>\n<div class=\"name\">complianz_consent_status<\/div>\n<div class=\"retention-header\">\n\t<h5>Galiojimo laikas<\/h5>\n<\/div>\n<div class=\"retention\">365 diena<\/div>\n<div class=\"function-header\">\n\t<h5>Funkcija<\/h5>\n<\/div>\n<div class=\"function\"><\/div>\n<div class=\"name-header\">\n\t<h5>Vardas<\/h5>\n<\/div>\n<div class=\"name\">wpEmojiSettingsSupports<\/div>\n<div class=\"retention-header\">\n\t<h5>Galiojimo laikas<\/h5>\n<\/div>\n<div class=\"retention\"><\/div>\n<div class=\"function-header\">\n\t<h5>Funkcija<\/h5>\n<\/div>\n<div class=\"function\"><\/div>\n<div class=\"name-header\">\n\t<h5>Vardas<\/h5>\n<\/div>\n<div class=\"name\">wordpress_logged_in_30e4d960866b2b622357b0a23f541512<\/div>\n<div class=\"retention-header\">\n\t<h5>Galiojimo laikas<\/h5>\n<\/div>\n<div class=\"retention\"><\/div>\n<div class=\"function-header\">\n\t<h5>Funkcija<\/h5>\n<\/div>\n<div class=\"function\"><\/div>\n<div class=\"name-header\">\n\t<h5>Vardas<\/h5>\n<\/div>\n<div class=\"name\">_lscache_vary<\/div>\n<div class=\"retention-header\">\n\t<h5>Galiojimo laikas<\/h5>\n<\/div>\n<div class=\"retention\"><\/div>\n<div class=\"function-header\">\n\t<h5>Funkcija<\/h5>\n<\/div>\n<div class=\"function\"><\/div>\n<div class=\"name-header\">\n\t<h5>Vardas<\/h5>\n<\/div>\n<div class=\"name\">wp_lang<\/div>\n<div class=\"retention-header\">\n\t<h5>Galiojimo laikas<\/h5>\n<\/div>\n<div class=\"retention\"><\/div>\n<div class=\"function-header\">\n\t<h5>Funkcija<\/h5>\n<\/div>\n<div class=\"function\"><\/div>\n<div class=\"name-header\">\n\t<h5>Vardas<\/h5>\n<\/div>\n<div class=\"name\">PHPSESSID<\/div>\n<div class=\"retention-header\">\n\t<h5>Galiojimo laikas<\/h5>\n<\/div>\n<div class=\"retention\"><\/div>\n<div class=\"function-header\">\n\t<h5>Funkcija<\/h5>\n<\/div>\n<div class=\"function\"><\/div>\n<div class=\"name-header\">\n\t<h5>Vardas<\/h5>\n<\/div>\n<div class=\"name\">adobeCleanFontAdded<\/div>\n<div class=\"retention-header\">\n\t<h5>Galiojimo laikas<\/h5>\n<\/div>\n<div class=\"retention\"><\/div>\n<div class=\"function-header\">\n\t<h5>Funkcija<\/h5>\n<\/div>\n<div class=\"function\"><\/div>\n<div class=\"name-header\">\n\t<h5>Vardas<\/h5>\n<\/div>\n<div class=\"name\">_ga<\/div>\n<div class=\"retention-header\">\n\t<h5>Galiojimo laikas<\/h5>\n<\/div>\n<div class=\"retention\"><\/div>\n<div class=\"function-header\">\n\t<h5>Funkcija<\/h5>\n<\/div>\n<div class=\"function\"><\/div>\n\n<\/div>\n<\/details>\n<\/div><h2>7. Sutikimas<\/h2><p>Kai apsilankysite m\u016bs\u0173 svetain\u0117je pirm\u0105 kart\u0105, parodysime i\u0161\u0161okant\u012fj\u012f lang\u0105 su paai\u0161kinimu apie slapukus. Kai tik spustel\u0117site \u201ePriimti slapukus\u201c, sutinkate, kad naudotume visus slapukus ir papildinius, kaip apra\u0161yta i\u0161\u0161okan\u010diajame lange ir \u0161ioje slapuk\u0173 politikoje. Galite i\u0161jungti slapuk\u0173 naudojim\u0105 savo nar\u0161ykl\u0117je, ta\u010diau atkreipkite d\u0117mes\u012f, kad m\u016bs\u0173 svetain\u0117 gali nebeveikti tinkamai.<\/p><p class=\"cmplz-subtitle\">7.1 Tvarkykite sutikimo nustatymus<\/p><div id=\"cmplz-manage-consent-container-nojavascript\">\u012ek\u0117l\u0117te slapuk\u0173 politik\u0105 be javascript palaikymo.&nbsp;AMP galite naudoti puslapio apa\u010dioje esant\u012f sutikimo tvarkymo mygtuk\u0105.<\/div><div id=\"cmplz-manage-consent-container\" class=\"cmplz-manage-consent-container\"><\/div><h2>8. Slapuk\u0173 \u012fjungimas \/ i\u0161jungimas ir i\u0161trynimas<\/h2><p>Galite naudoti savo interneto nar\u0161ykl\u0119 automati\u0161kai arba rankiniu b\u016bdu i\u0161trinti slapukus. Taip pat galite nurodyti, kad tam tikri slapukai negali b\u016bti talpinami. Kita galimyb\u0117 \u2013 pakeisti savo interneto nar\u0161ykl\u0117s nustatymus, kad kiekvien\u0105 kart\u0105 \u012fd\u0117jus slapuk\u0105 gautum\u0117te prane\u0161im\u0105. Daugiau informacijos apie \u0161ias parinktis rasite nar\u0161ykl\u0117s \u017einyno skiltyje pateiktose instrukcijose.<\/p><p>Atkreipkite d\u0117mes\u012f, kad m\u016bs\u0173 svetain\u0117 gali tinkamai neveikti, jei i\u0161jungti visi slapukai. Jei i\u0161trinsite slapukus i\u0161 savo nar\u0161ykl\u0117s, jie bus v\u0117l patalpinti po j\u016bs\u0173 sutikimo, kai v\u0117l apsilankysite m\u016bs\u0173 svetain\u0117se.<\/p><h2>9. J\u016bs\u0173 teis\u0117s, susijusios su asmens duomenimis<\/h2><p>J\u016bs turite \u0161ias teises, susijusias su savo asmens duomenimis:<\/p><ul>\n                    <li>J\u016bs turite teis\u0119 \u017einoti, kod\u0117l j\u016bs\u0173 asmens duomenys reikalingi, kas su jais atsitiks ir kiek laiko jie bus saugomi.<\/li>\n                    <li>Teis\u0117 susipa\u017einti su: J\u016bs turite teis\u0119 susipa\u017einti su mums \u017einomais savo asmens duomenimis.<\/li>\n                    <li>Teis\u0117 i\u0161taisyti: J\u016bs turite teis\u0119 bet kada papildyti, taisyti, i\u0161trinti arba u\u017eblokuoti savo asmens duomenis.<\/li>\n                    <li>Jei duodate mums sutikim\u0105 tvarkyti j\u016bs\u0173 duomenis, turite teis\u0119 at\u0161aukti \u0161\u012f sutikim\u0105 ir reikalauti, kad j\u016bs\u0173 asmens duomenys b\u016bt\u0173 i\u0161trinti.<\/li>\n                    <li>Teis\u0117 perduoti savo duomenis: J\u016bs turite teis\u0119 pra\u0161yti vis\u0173 savo asmens duomen\u0173 i\u0161 duomen\u0173 valdytojo ir perduoti juos visus kitam duomen\u0173 valdytojui.<\/li>\n                    <li>Teis\u0117 nesutikti: galite nesutikti, kad b\u016bt\u0173 tvarkomi j\u016bs\u0173 duomenys. Mes to laikom\u0117s, nebent yra pagr\u012fst\u0173 prie\u017eas\u010di\u0173 juos tvarkyti.<\/li>\n                <\/ul><p>Nor\u0117dami pasinaudoti \u0161iomis teis\u0117mis, susisiekite su mumis. Kontaktinius duomenis rasite \u0161ios slapuk\u0173 politikos apa\u010dioje. Jei turite skund\u0105 d\u0117l to, kaip tvarkome j\u016bs\u0173 duomenis, nor\u0117tume i\u0161girsti j\u016bs\u0173 nuomon\u0119, ta\u010diau j\u016bs taip pat turite teis\u0119 pateikti skund\u0105 prie\u017ei\u016bros institucijai (Duomen\u0173 apsaugos institucijai).<\/p><h2>10. Kontaktiniai duomenys<\/h2><p>Jei turite klausim\u0173 ir (arba) komentar\u0173 apie m\u016bs\u0173 slapuk\u0173 politik\u0105 ir \u0161\u012f parei\u0161kim\u0105, susisiekite su mumis \u0161iais kontaktiniais duomenimis:<\/p><p><span class=\"cmplz-contact-organisation\">Butminda, MB<\/span><br>\n                      <span class=\"cmplz-contact-address\">A\u0161igalio g. 35-57, LT-49148 Kaunas<\/span><br>\n                      <span class=\"cmplz-contact-country\">Lietuva<\/span><br>\n                      <span class=\"cmplz-contact-domain\">Interneto svetain\u0117: <a href=\"https:\/\/plansa.lt\">https:\/\/plansa.lt<\/a><\/span><br>\n                      <span class=\"cmplz-contact-email\">El. pa\u0161tas: <span class=\"cmplz-obfuscate\">&#115;a&#110;&#116;ec&#104;n&#105;k&#097;@<span class=\"cmplz-fmail-domain\">&#101;x&#046;&#099;&#111;&#109;<\/span>&#112;la&#110;&#115;&#097;.&#108;&#116;<\/span><\/span><br>\n                    <span class=\"cmplz-contact-telephone\">Phone number: +370 676 37578<\/span><\/p><\/div>\n\n\n<p><\/p>\n","protected":false},"excerpt":{"rendered":"\u0160i slapuk\u0173 politika paskutin\u012f kart\u0105 buvo atnaujinta 2021 vasario 6 ir taikoma Europos ekonomin\u0117s erdv\u0117s bei \u0160veicarijos pilie\u010diams ir teis\u0117tiems nuolatiniams gyventojams.1. \u012evadasM\u016bs\u0173 svetain\u0117 https:\/\/plansa.lt (toliau:<span class=\"excerpt-hellip\"> [\u2026]<\/span>","protected":false},"author":1,"featured_media":0,"parent":0,"menu_order":0,"comment_status":"closed","ping_status":"closed","template":"","meta":{"rs_blank_template":"","rs_page_bg_color":"#ffffff","slide_template_v7":"","footnotes":""},"class_list":["post-158","page","type-page","status-publish","hentry"],"_links":{"self":[{"href":"https:\/\/plansa.lt\/index.php?rest_route=\/wp\/v2\/pages\/158","targetHints":{"allow":["GET"]}}],"collection":[{"href":"https:\/\/plansa.lt\/index.php?rest_route=\/wp\/v2\/pages"}],"about":[{"href":"https:\/\/plansa.lt\/index.php?rest_route=\/wp\/v2\/types\/page"}],"author":[{"embeddable":true,"href":"https:\/\/plansa.lt\/index.php?rest_route=\/wp\/v2\/users\/1"}],"replies":[{"embeddable":true,"href":"https:\/\/plansa.lt\/index.php?rest_route=%2Fwp%2Fv2%2Fcomments&post=158"}],"version-history":[{"count":1,"href":"https:\/\/plansa.lt\/index.php?rest_route=\/wp\/v2\/pages\/158\/revisions"}],"predecessor-version":[{"id":161,"href":"https:\/\/plansa.lt\/index.php?rest_route=\/wp\/v2\/pages\/158\/revisions\/161"}],"wp:attachment":[{"href":"https:\/\/plansa.lt\/index.php?rest_route=%2Fwp%2Fv2%2Fmedia&parent=158"}],"curies":[{"name":"wp","href":"https:\/\/api.w.org\/{rel}","templated":true}]}}